{"id":2,"date":"2016-05-10T03:48:21","date_gmt":"2016-05-10T03:48:21","guid":{"rendered":"http:\/\/fragging.de\/?page_id=2"},"modified":"2023-02-28T07:34:50","modified_gmt":"2023-02-28T06:34:50","slug":"sample-page","status":"publish","type":"page","link":"https:\/\/fragging.de\/","title":{"rendered":"Sample Page"},"content":{"rendered":"\n<p><strong>Berufsausbildung<\/strong><\/p>\n\n\n\n<p>09\/1988 &#8211; 07\/1991 &#8212; Elektronik-eb-GmbH in Teltow<br>Abschlu\u00df: Facharbeiter f\u00fcr elektronische Bauelemente<\/p>\n\n\n\n<p><strong>Studium<\/strong><\/p>\n\n\n\n<p>10\/1991 &#8211; 09\/1997 &#8212; Universit\u00e4t Potsdam<br>Studiengang: Physik, Nebenfach: Informatik<br>Diplomarbeit am Lehrstuhl f\u00fcr Photonik<br>Thema: &#8222;<a rel=\"noreferrer noopener\" href=\"https:\/\/fragging.de\/diplom\/gesamt.htm\" target=\"_blank\">Laser mit phasenkonjugierendem Spiegel auf der Basis der stimulierten Brillouin-Streuung in ausgew\u00e4hlten Materialien<\/a>&#8220;  <strong><a href=\"https:\/\/fragging.de\/diplom\/gesamt.pdf\" target=\"_blank\" rel=\"noreferrer noopener\">pdf-file<\/a><\/strong><br>Abschluss: Diplom-Physiker<\/p>\n\n\n\n<p><strong>Promotion<\/strong><\/p>\n\n\n\n<p>10\/1997 &#8211; 05\/2002 &#8212; Universit\u00e4t Potsdam<br>Dissertationsthema:<br>&#8222;<a href=\"https:\/\/fragging.de\/present\/index.htm\" target=\"_blank\" rel=\"noreferrer noopener\">Dynamik vibronischer Festk\u00f6rperlaser gro\u00dfer spektraler<\/a><a rel=\"noreferrer noopener\" href=\"http:\/\/present\\index.htm\" target=\"_blank\"> Bandbreite<\/a>&#8222;<br>Abgabe: 04\/2001<br>Disputation am 13.05.2002; magna cum laude (1,3)<\/p>\n\n\n\n<p><a href=\"https:\/\/fragging.de\/present\/dynamikvibrfklaser.pdf\" target=\"_blank\" rel=\"noreferrer noopener\">dynamikvibrfklaser.pdf<\/a><\/p>\n\n\n\n<p><strong>Berufserfahrung<\/strong><\/p>\n\n\n\n<p>07\/1991 &#8211; 08\/1991 befristete Anstellung als Facharbeiter f\u00fcr elektronische<br>Bauelemente bei der MicroTech GmbH in Teltow<br><br>10\/1993 &#8211; 07\/1997 studentische Hilfskraft in der Praktikumbetreuung und am<br>Lehrstuhl f\u00fcr Photonik der Universit\u00e4t Potsdam<br><br>09\/1997 &#8211; 05\/2000 wissenschaftlicher Mitarbeiter am Lehrstuhl f\u00fcr Photonik der<br>Universit\u00e4t Potsdam<br>Arbeitsgebiet: Breitbandige Laser als Lichtquellen f\u00fcr die<br>Wei\u00dflichtinterferometrie<br><br>04\/1999 &#8211; 05\/2000 Betreuung des physikalischen Grundpraktikums f\u00fcr Physiker und<br>Nebenf\u00e4cher<\/p>\n\n\n\n<p><strong>seit 03\/2001 bei<\/strong> Newport Spectra-Physics GmbH<\/p>\n\n\n\n<p><strong><a href=\"http:\/\/www.newport.com\/Lasers\/1\/productmain.aspx\"><\/a><br><\/strong>Projektleiter im Projekt iTrain<strong><sup>(TM)<\/sup><\/strong><sup>&nbsp;<\/sup>-244 bis zur Produktionseinf\u00fchrung<\/p>\n\n\n\n<p>Projektleiter und Entwickler in Projekten zur Frequenzverdopplung von Diodenlasern<\/p>\n\n\n\n<p>&nbsp;Entwickler in Projekten zur internen Frequenzverdreifachung G\u00fcte-geschalteter Festk\u00f6rperlaser und Seedlaser f\u00fcr Faserverst\u00e4rkersysteme<\/p>\n\n\n\n<p>Seit 2005 Projektleiter im Advanced R&amp;D mit Schwerpunkt Modellierung und Machbarkeitsstudien<\/p>\n\n\n\n<p><strong>Arbeitsschwerpunkte und Kenntnisse<\/strong><strong><br><\/strong><br><br>Technik Entwicklung von Hochleistungs-Festk\u00f6rperlasern,<\/p>\n\n\n\n<p>praktische und theoretische Erfahrungen in der<br>nichtlinearen und linearen Optik, Entwicklung breitbandiger vibronischer<br>Festk\u00f6rperlaser,\u00a0<a href=\"https:\/\/fragging.de\/modeling.pdf\" target=\"_blank\" rel=\"noreferrer noopener\">Modellierung longitudinal gepumpter<\/a><a href=\"https:\/\/fragging.de\/modeling.pdf\">, G\u00fcte- oder Gewinn geschalteter Festk\u00f6rperlaser, Modellierung longitudinal gepumpter, intern frequenzvervielfachter Festk\u00f6rperlaser unter Einbeziehung von walk-off, depletion<\/a>\u00a0und Doppeldurchgang mit Phasendifferenz.<br><br>Fremdsprachen Englisch (sehr gut), Russisch (Grundkenntnisse)<br><br><br>EDV: Visual C++, Labview, Lascad, Mathcad, Mathlab, Zemax<\/p>\n\n\n\n<p>MS-Office und Lotus-Office,<br>Microcal Origin, Betriebssysteme Windows 98\/2000\/NT\/XP,<br>verschiedene Grafikprogramme (Corel, iPhoto Plus)<\/p>\n","protected":false},"excerpt":{"rendered":"<p>Berufsausbildung 09\/1988 &#8211; 07\/1991 &#8212; Elektronik-eb-GmbH in TeltowAbschlu\u00df: Facharbeiter f\u00fcr elektronische Bauelemente Studium 10\/1991 &#8211; 09\/1997 &#8212; Universit\u00e4t PotsdamStudiengang: Physik, Nebenfach: InformatikDiplomarbeit am Lehrstuhl f\u00fcr PhotonikThema: &#8222;Laser mit phasenkonjugierendem Spiegel auf der Basis der stimulierten Brillouin-Streuung in ausgew\u00e4hlten Materialien&#8220; pdf-fileAbschluss: Diplom-Physiker Promotion 10\/1997 &#8211; 05\/2002 &#8212; Universit\u00e4t PotsdamDissertationsthema:&#8222;Dynamik vibronischer Festk\u00f6rperlaser gro\u00dfer spektraler Bandbreite&#8222;Abgabe: 04\/2001Disputation am&hellip; <a class=\"more-link\" href=\"https:\/\/fragging.de\/\"><span class=\"screen-reader-text\">Sample Page<\/span> weiterlesen<\/a><\/p>\n","protected":false},"author":1,"featured_media":0,"parent":0,"menu_order":0,"comment_status":"closed","ping_status":"open","template":"","meta":[],"_links":{"self":[{"href":"https:\/\/fragging.de\/index.php?rest_route=\/wp\/v2\/pages\/2"}],"collection":[{"href":"https:\/\/fragging.de\/index.php?rest_route=\/wp\/v2\/pages"}],"about":[{"href":"https:\/\/fragging.de\/index.php?rest_route=\/wp\/v2\/types\/page"}],"author":[{"embeddable":true,"href":"https:\/\/fragging.de\/index.php?rest_route=\/wp\/v2\/users\/1"}],"replies":[{"embeddable":true,"href":"https:\/\/fragging.de\/index.php?rest_route=%2Fwp%2Fv2%2Fcomments&post=2"}],"version-history":[{"count":14,"href":"https:\/\/fragging.de\/index.php?rest_route=\/wp\/v2\/pages\/2\/revisions"}],"predecessor-version":[{"id":23,"href":"https:\/\/fragging.de\/index.php?rest_route=\/wp\/v2\/pages\/2\/revisions\/23"}],"wp:attachment":[{"href":"https:\/\/fragging.de\/index.php?rest_route=%2Fwp%2Fv2%2Fmedia&parent=2"}],"curies":[{"name":"wp","href":"https:\/\/api.w.org\/{rel}","templated":true}]}}